{"id":71,"date":"2024-01-19T08:09:04","date_gmt":"2024-01-19T07:09:04","guid":{"rendered":"https:\/\/www.consider.at\/start\/?page_id=71"},"modified":"2024-05-13T14:29:05","modified_gmt":"2024-05-13T12:29:05","slug":"home","status":"publish","type":"page","link":"https:\/\/www.consider.at\/start\/","title":{"rendered":"Home"},"content":{"rendered":"\t\t<div data-elementor-type=\"wp-page\" data-elementor-id=\"71\" class=\"elementor elementor-71\">\n\t\t\t\t<div class=\"elementor-element elementor-element-bbe836c e-flex e-con-boxed e-con e-parent\" data-id=\"bbe836c\" data-element_type=\"container\" data-e-type=\"container\" data-settings=\"{&quot;background_background&quot;:&quot;classic&quot;,&quot;animation&quot;:&quot;none&quot;}\">\n\t\t\t\t\t<div class=\"e-con-inner\">\n\t\t<div class=\"elementor-element elementor-element-59b3030 e-con-full e-flex e-con e-child\" data-id=\"59b3030\" data-element_type=\"container\" data-e-type=\"container\" data-settings=\"{&quot;animation&quot;:&quot;none&quot;}\">\n\t\t<div class=\"elementor-element elementor-element-80d1683 e-con-full e-flex elementor-invisible e-con e-child\" data-id=\"80d1683\" data-element_type=\"container\" data-e-type=\"container\" data-settings=\"{&quot;animation&quot;:&quot;fadeInUp&quot;}\">\n\t\t<div class=\"elementor-element elementor-element-9b14743 e-con-full e-flex e-con e-child\" data-id=\"9b14743\" data-element_type=\"container\" data-e-type=\"container\">\n\t\t\t\t<\/div>\n\t\t<div class=\"elementor-element elementor-element-e9c74d6 e-con-full e-flex e-con e-child\" data-id=\"e9c74d6\" data-element_type=\"container\" data-e-type=\"container\">\n\t\t\t\t<div class=\"elementor-element elementor-element-85855a5 elementor-widget-divider--view-line elementor-widget elementor-widget-divider\" data-id=\"85855a5\" data-element_type=\"widget\" data-e-type=\"widget\" data-widget_type=\"divider.default\">\n\t\t\t\t<div class=\"elementor-widget-container\">\n\t\t\t\t\t\t\t<div class=\"elementor-divider\">\n\t\t\t<span class=\"elementor-divider-separator\">\n\t\t\t\t\t\t<\/span>\n\t\t<\/div>\n\t\t\t\t\t\t<\/div>\n\t\t\t\t<\/div>\n\t\t\t\t<\/div>\n\t\t\t\t<\/div>\n\t\t\t\t<div class=\"elementor-element elementor-element-694ff06 elementor-invisible elementor-widget elementor-widget-heading\" data-id=\"694ff06\" data-element_type=\"widget\" data-e-type=\"widget\" data-settings=\"{&quot;_animation&quot;:&quot;fadeInRight&quot;}\" data-widget_type=\"heading.default\">\n\t\t\t\t<div class=\"elementor-widget-container\">\n\t\t\t\t\t<h2 class=\"elementor-heading-title elementor-size-default\">Willkommen<br>bei Consider<\/h2>\t\t\t\t<\/div>\n\t\t\t\t<\/div>\n\t\t\t\t<div class=\"elementor-element elementor-element-5edc293 elementor-tablet-align-left elementor-align-left elementor-mobile-align-center elementor-invisible elementor-widget elementor-widget-button\" data-id=\"5edc293\" data-element_type=\"widget\" data-e-type=\"widget\" data-settings=\"{&quot;_animation&quot;:&quot;fadeIn&quot;}\" data-widget_type=\"button.default\">\n\t\t\t\t<div class=\"elementor-widget-container\">\n\t\t\t\t\t\t\t\t\t<div class=\"elementor-button-wrapper\">\n\t\t\t\t\t<a class=\"elementor-button elementor-button-link elementor-size-md\" href=\"#Erwarten\">\n\t\t\t\t\t\t<span class=\"elementor-button-content-wrapper\">\n\t\t\t\t\t\t\t\t\t<span class=\"elementor-button-text\">Das erwartet Sie<\/span>\n\t\t\t\t\t<\/span>\n\t\t\t\t\t<\/a>\n\t\t\t\t<\/div>\n\t\t\t\t\t\t\t\t<\/div>\n\t\t\t\t<\/div>\n\t\t\t\t<div class=\"elementor-element elementor-element-ee45a91 elementor-widget elementor-widget-text-editor\" data-id=\"ee45a91\" data-element_type=\"widget\" data-e-type=\"widget\" data-widget_type=\"text-editor.default\">\n\t\t\t\t<div class=\"elementor-widget-container\">\n\t\t\t\t\t\t\t\t\t<p><b>MMag. Wolfgang Schweiger&nbsp;<\/b><\/p>\n<p>Philosophische Praxis<\/p>\t\t\t\t\t\t\t\t<\/div>\n\t\t\t\t<\/div>\n\t\t\t\t<\/div>\n\t\t<div class=\"elementor-element elementor-element-860de1c e-con-full e-flex e-con e-child\" data-id=\"860de1c\" data-element_type=\"container\" data-e-type=\"container\">\n\t\t\t\t<div class=\"elementor-element elementor-element-de5c871 animated-slow elementor-widget elementor-widget-image\" data-id=\"de5c871\" data-element_type=\"widget\" data-e-type=\"widget\" data-settings=\"{&quot;_animation&quot;:&quot;none&quot;}\" data-widget_type=\"image.default\">\n\t\t\t\t<div class=\"elementor-widget-container\">\n\t\t\t\t\t\t\t\t\t\t\t\t\t\t\t<img decoding=\"async\" src=\"https:\/\/www.consider.at\/start\/wp-content\/uploads\/elementor\/thumbs\/110_WS_23_9_prev_klein1-scaled-qiq1xk3094mvsalo818vg2n6ro5j9arf9a74kragv4.jpg\" title=\"110_WS_23_9_prev_klein1\" alt=\"110_WS_23_9_prev_klein1\" loading=\"lazy\" \/>\t\t\t\t\t\t\t\t\t\t\t\t\t\t\t<\/div>\n\t\t\t\t<\/div>\n\t\t\t\t<\/div>\n\t\t\t\t\t<\/div>\n\t\t\t\t<\/div>\n\t\t<div class=\"elementor-element elementor-element-5047401 e-flex e-con-boxed e-con e-parent\" data-id=\"5047401\" data-element_type=\"container\" data-e-type=\"container\" data-settings=\"{&quot;background_background&quot;:&quot;classic&quot;}\">\n\t\t\t\t\t<div class=\"e-con-inner\">\n\t\t<div class=\"elementor-element elementor-element-1ccd1f8 e-con-full e-flex e-con e-child\" data-id=\"1ccd1f8\" data-element_type=\"container\" data-e-type=\"container\">\n\t\t\t\t<div class=\"elementor-element elementor-element-f9119cf elementor-widget elementor-widget-heading\" data-id=\"f9119cf\" data-element_type=\"widget\" data-e-type=\"widget\" data-widget_type=\"heading.default\">\n\t\t\t\t<div class=\"elementor-widget-container\">\n\t\t\t\t\t<h1 class=\"elementor-heading-title elementor-size-default\">Consider ...<\/h1>\t\t\t\t<\/div>\n\t\t\t\t<\/div>\n\t\t<div class=\"elementor-element elementor-element-d24395a e-con-full e-flex e-con e-child\" data-id=\"d24395a\" data-element_type=\"container\" data-e-type=\"container\">\n\t\t<div class=\"elementor-element elementor-element-2c4f69d e-con-full e-flex e-con e-child\" data-id=\"2c4f69d\" data-element_type=\"container\" data-e-type=\"container\" data-settings=\"{&quot;background_background&quot;:&quot;classic&quot;}\">\n\t\t\t\t<div class=\"elementor-element elementor-element-1c643d6 elementor-widget elementor-widget-text-editor\" data-id=\"1c643d6\" data-element_type=\"widget\" data-e-type=\"widget\" data-widget_type=\"text-editor.default\">\n\t\t\t\t<div class=\"elementor-widget-container\">\n\t\t\t\t\t\t\t\t\t<p>\u201cbedenken&#8220;<\/p>\t\t\t\t\t\t\t\t<\/div>\n\t\t\t\t<\/div>\n\t\t\t\t<\/div>\n\t\t<div class=\"elementor-element elementor-element-b71ce51 e-con-full e-flex e-con e-child\" data-id=\"b71ce51\" data-element_type=\"container\" data-e-type=\"container\" data-settings=\"{&quot;background_background&quot;:&quot;classic&quot;}\">\n\t\t\t\t<div class=\"elementor-element elementor-element-bf8c588 elementor-widget elementor-widget-text-editor\" data-id=\"bf8c588\" data-element_type=\"widget\" data-e-type=\"widget\" data-widget_type=\"text-editor.default\">\n\t\t\t\t<div class=\"elementor-widget-container\">\n\t\t\t\t\t\t\t\t\t<p>\u201c<span style=\"font-family: Lora, sans-serif; font-size: 22px; font-style: normal; font-variant-ligatures: normal; font-variant-caps: normal; font-weight: 400; color: var( --e-global-color-accent ); background-color: var( --e-global-color-primary );\">sich etwas \u00fcberlegen<\/span><span style=\"font-family: Lora, sans-serif; font-size: 22px; font-style: normal; font-variant-ligatures: normal; font-variant-caps: normal; font-weight: 400; color: var( --e-global-color-accent ); background-color: var( --e-global-color-primary );\">&#8222;<\/span><\/p>\t\t\t\t\t\t\t\t<\/div>\n\t\t\t\t<\/div>\n\t\t\t\t<\/div>\n\t\t<div class=\"elementor-element elementor-element-0792b4c e-con-full e-flex e-con e-child\" data-id=\"0792b4c\" data-element_type=\"container\" data-e-type=\"container\" data-settings=\"{&quot;background_background&quot;:&quot;classic&quot;}\">\n\t\t\t\t<div class=\"elementor-element elementor-element-3380800 elementor-widget elementor-widget-text-editor\" data-id=\"3380800\" data-element_type=\"widget\" data-e-type=\"widget\" data-widget_type=\"text-editor.default\">\n\t\t\t\t<div class=\"elementor-widget-container\">\n\t\t\t\t\t\t\t\t\t<p>\u201cR\u00fccksicht nehmen auf&#8220;<\/p>\t\t\t\t\t\t\t\t<\/div>\n\t\t\t\t<\/div>\n\t\t\t\t<\/div>\n\t\t<div class=\"elementor-element elementor-element-6532438 e-con-full e-flex e-con e-child\" data-id=\"6532438\" data-element_type=\"container\" data-e-type=\"container\" data-settings=\"{&quot;background_background&quot;:&quot;classic&quot;}\">\n\t\t\t\t<div class=\"elementor-element elementor-element-75fb3b0 elementor-widget elementor-widget-text-editor\" data-id=\"75fb3b0\" data-element_type=\"widget\" data-e-type=\"widget\" data-widget_type=\"text-editor.default\">\n\t\t\t\t<div class=\"elementor-widget-container\">\n\t\t\t\t\t\t\t\t\t<p><span style=\"font-family: Lora, sans-serif; font-size: 22px; font-style: normal; font-variant-ligatures: normal; font-variant-caps: normal; font-weight: 400; text-align: start;\">\u201cetwas in Betracht ziehen\u201c<\/span><\/p>\t\t\t\t\t\t\t\t<\/div>\n\t\t\t\t<\/div>\n\t\t\t\t<\/div>\n\t\t\t\t<\/div>\n\t\t\t\t<\/div>\n\t\t\t\t\t<\/div>\n\t\t\t\t<\/div>\n\t\t\t\t<section class=\"elementor-section elementor-top-section elementor-element elementor-element-73943821 elementor-section-items-stretch elementor-section-full_width elementor-section-height-min-height elementor-section-content-middle elementor-reverse-mobile elementor-section-height-default\" data-id=\"73943821\" data-element_type=\"section\" data-e-type=\"section\" id=\"Erwarten\" data-settings=\"{&quot;background_background&quot;:&quot;classic&quot;}\">\n\t\t\t\t\t\t\t<div class=\"elementor-background-overlay\"><\/div>\n\t\t\t\t\t\t\t<div class=\"elementor-container elementor-column-gap-default\">\n\t\t\t\t\t<div class=\"elementor-column elementor-col-50 elementor-top-column elementor-element elementor-element-71cb8c8c\" data-id=\"71cb8c8c\" data-element_type=\"column\" data-e-type=\"column\" data-settings=\"{&quot;background_background&quot;:&quot;classic&quot;}\">\n\t\t\t<div class=\"elementor-widget-wrap elementor-element-populated\">\n\t\t\t\t\t\t<section class=\"elementor-section elementor-inner-section elementor-element elementor-element-25fa893b elementor-section-boxed elementor-section-height-default elementor-section-height-default\" data-id=\"25fa893b\" data-element_type=\"section\" data-e-type=\"section\">\n\t\t\t\t\t\t<div class=\"elementor-container elementor-column-gap-default\">\n\t\t\t\t\t<div class=\"elementor-column elementor-col-100 elementor-inner-column elementor-element elementor-element-e69e74b\" data-id=\"e69e74b\" data-element_type=\"column\" data-e-type=\"column\">\n\t\t\t<div class=\"elementor-widget-wrap\">\n\t\t\t\t\t\t\t<\/div>\n\t\t<\/div>\n\t\t\t\t\t<\/div>\n\t\t<\/section>\n\t\t\t\t<div class=\"elementor-element elementor-element-41aee758 elementor-widget elementor-widget-heading\" data-id=\"41aee758\" data-element_type=\"widget\" data-e-type=\"widget\" data-widget_type=\"heading.default\">\n\t\t\t\t<div class=\"elementor-widget-container\">\n\t\t\t\t\t<h5 class=\"elementor-heading-title elementor-size-default\">Das erwartet Sie<\/h5>\t\t\t\t<\/div>\n\t\t\t\t<\/div>\n\t\t\t\t<div class=\"elementor-element elementor-element-59a551a5 elementor-widget elementor-widget-text-editor\" data-id=\"59a551a5\" data-element_type=\"widget\" data-e-type=\"widget\" data-widget_type=\"text-editor.default\">\n\t\t\t\t<div class=\"elementor-widget-container\">\n\t\t\t\t\t\t\t\t\t<h3>\u00a0<\/h3><h4><b>Ein Gespr\u00e4ch als Lebensbegleitung<\/b><\/h4><p>Es geht um konkrete Fragen, die sich im Laufe eines Lebens stellen. Denkimpulse aus verschiedenen philosophischen Traditionen\u00a0 sind bei deren Beantwortung unterst\u00fctzend.<\/p><p>Die Themen ergeben sich aus der pers\u00f6nlichen Situation der G\u00e4ste.\u00a0 Diese \u201cspielen mit den wei\u00dfen Figuren\u201d und beginnen &#8211; wie bei einem Schachspiel &#8211; das Gespr\u00e4ch. Philosophische Praxis ist weder Coaching noch eine psychotherapeutische\u00a0 oder psychiatrische Beratung! Es ist ein pers\u00f6nliches Gespr\u00e4ch auf Augenh\u00f6he!<\/p><p><b>Ein Bildungsangebot<\/b><\/p><p>Philosophische Themen \/ Texte werden behandelt und auf unsere konkreten Lebenssituationen und Lebensfragen bezogen. Neue Horizonte werden er\u00f6ffnet. Dies kann in Lesekreisen, Gespr\u00e4chsrunden, Philosophischen Caf\u00e9s, auf Philosophischen Reisen oder Spazierg\u00e4ngen geschehen. Die philosophischen Impulse kommen aus verschiedenen Traditionen einer interkulturellen Philosophie, in der die \u201cLiebe zur Weisheit\u201d im Sinne eines POLYLOGS, einer \u201cvielstimmigen Rede\u201d, verstanden wird.<\/p>\t\t\t\t\t\t\t\t<\/div>\n\t\t\t\t<\/div>\n\t\t\t\t\t<\/div>\n\t\t<\/div>\n\t\t\t\t<div class=\"elementor-column elementor-col-50 elementor-top-column elementor-element elementor-element-29b2752e\" data-id=\"29b2752e\" data-element_type=\"column\" data-e-type=\"column\" data-settings=\"{&quot;background_background&quot;:&quot;classic&quot;}\">\n\t\t\t<div class=\"elementor-widget-wrap elementor-element-populated\">\n\t\t\t\t\t<div class=\"elementor-background-overlay\"><\/div>\n\t\t\t\t<div class=\"elementor-element elementor-element-36c4c6d e-flex e-con-boxed e-con e-parent\" data-id=\"36c4c6d\" data-element_type=\"container\" data-e-type=\"container\">\n\t\t\t\t\t<div class=\"e-con-inner\">\n\t\t\t\t\t<\/div>\n\t\t\t\t<\/div>\n\t\t\t\t\t<\/div>\n\t\t<\/div>\n\t\t\t\t\t<\/div>\n\t\t<\/section>\n\t\t<div class=\"elementor-element elementor-element-0d1230e e-flex e-con-boxed e-con e-parent\" data-id=\"0d1230e\" data-element_type=\"container\" data-e-type=\"container\" data-settings=\"{&quot;background_background&quot;:&quot;classic&quot;}\">\n\t\t\t\t\t<div class=\"e-con-inner\">\n\t\t<div class=\"elementor-element elementor-element-88b51e3 e-con-full e-flex e-con e-child\" data-id=\"88b51e3\" data-element_type=\"container\" data-e-type=\"container\">\n\t\t\t\t<div class=\"elementor-element elementor-element-d1062d7 elementor-widget elementor-widget-image\" data-id=\"d1062d7\" data-element_type=\"widget\" data-e-type=\"widget\" data-widget_type=\"image.default\">\n\t\t\t\t<div class=\"elementor-widget-container\">\n\t\t\t\t\t\t\t\t\t\t\t\t\t\t\t<img fetchpriority=\"high\" decoding=\"async\" width=\"1024\" height=\"724\" src=\"https:\/\/www.consider.at\/start\/wp-content\/uploads\/2024\/02\/Eule_Illustrationen-1024x724.png\" class=\"attachment-large size-large wp-image-421\" alt=\"\" srcset=\"https:\/\/www.consider.at\/start\/wp-content\/uploads\/2024\/02\/Eule_Illustrationen-1024x724.png 1024w, https:\/\/www.consider.at\/start\/wp-content\/uploads\/2024\/02\/Eule_Illustrationen-300x212.png 300w, https:\/\/www.consider.at\/start\/wp-content\/uploads\/2024\/02\/Eule_Illustrationen-768x543.png 768w, https:\/\/www.consider.at\/start\/wp-content\/uploads\/2024\/02\/Eule_Illustrationen-1536x1086.png 1536w, https:\/\/www.consider.at\/start\/wp-content\/uploads\/2024\/02\/Eule_Illustrationen-2048x1448.png 2048w\" sizes=\"(max-width: 1024px) 100vw, 1024px\" \/>\t\t\t\t\t\t\t\t\t\t\t\t\t\t\t<\/div>\n\t\t\t\t<\/div>\n\t\t\t\t<div class=\"elementor-element elementor-element-a232b3c elementor-widget elementor-widget-heading\" data-id=\"a232b3c\" data-element_type=\"widget\" data-e-type=\"widget\" data-widget_type=\"heading.default\">\n\t\t\t\t<div class=\"elementor-widget-container\">\n\t\t\t\t\t<h2 class=\"elementor-heading-title elementor-size-default\"> Eule der Minerva \/ Pallas Athene<\/h2>\t\t\t\t<\/div>\n\t\t\t\t<\/div>\n\t\t\t\t<\/div>\n\t\t<div class=\"elementor-element elementor-element-70c0df8 e-con-full e-flex e-con e-child\" data-id=\"70c0df8\" data-element_type=\"container\" data-e-type=\"container\">\n\t\t\t\t<div class=\"elementor-element elementor-element-dd5a00b elementor-widget elementor-widget-image\" data-id=\"dd5a00b\" data-element_type=\"widget\" data-e-type=\"widget\" data-widget_type=\"image.default\">\n\t\t\t\t<div class=\"elementor-widget-container\">\n\t\t\t\t\t\t\t\t\t\t\t\t\t\t\t<img decoding=\"async\" width=\"1024\" height=\"724\" src=\"https:\/\/www.consider.at\/start\/wp-content\/uploads\/2024\/02\/Weltkarte_Illustrationen-1024x724.png\" class=\"attachment-large size-large wp-image-422\" alt=\"\" srcset=\"https:\/\/www.consider.at\/start\/wp-content\/uploads\/2024\/02\/Weltkarte_Illustrationen-1024x724.png 1024w, https:\/\/www.consider.at\/start\/wp-content\/uploads\/2024\/02\/Weltkarte_Illustrationen-300x212.png 300w, https:\/\/www.consider.at\/start\/wp-content\/uploads\/2024\/02\/Weltkarte_Illustrationen-768x543.png 768w, https:\/\/www.consider.at\/start\/wp-content\/uploads\/2024\/02\/Weltkarte_Illustrationen-1536x1086.png 1536w, https:\/\/www.consider.at\/start\/wp-content\/uploads\/2024\/02\/Weltkarte_Illustrationen-2048x1448.png 2048w\" sizes=\"(max-width: 1024px) 100vw, 1024px\" \/>\t\t\t\t\t\t\t\t\t\t\t\t\t\t\t<\/div>\n\t\t\t\t<\/div>\n\t\t\t\t<div class=\"elementor-element elementor-element-1248a2d elementor-widget elementor-widget-heading\" data-id=\"1248a2d\" data-element_type=\"widget\" data-e-type=\"widget\" data-widget_type=\"heading.default\">\n\t\t\t\t<div class=\"elementor-widget-container\">\n\t\t\t\t\t<h2 class=\"elementor-heading-title elementor-size-default\">Weltkarte S\u00fcd-Nord ausgerichtet<\/h2>\t\t\t\t<\/div>\n\t\t\t\t<\/div>\n\t\t\t\t<\/div>\n\t\t\t\t\t<\/div>\n\t\t\t\t<\/div>\n\t\t\t\t<\/div>\n\t\t","protected":false},"excerpt":{"rendered":"<p>Willkommenbei Consider Das erwartet Sie MMag. Wolfgang Schweiger&nbsp; Philosophische Praxis Consider &#8230; \u201cbedenken&#8220; \u201csich etwas \u00fcberlegen&#8220; \u201cR\u00fccksicht nehmen auf&#8220; \u201cetwas in Betracht ziehen\u201c Das erwartet Sie \u00a0 Ein Gespr\u00e4ch als Lebensbegleitung Es geht um konkrete Fragen, die sich im Laufe eines Lebens stellen. Denkimpulse aus verschiedenen philosophischen Traditionen\u00a0 sind bei deren Beantwortung unterst\u00fctzend. Die Themen [&hellip;]<\/p>\n","protected":false},"author":1,"featured_media":0,"parent":0,"menu_order":0,"comment_status":"closed","ping_status":"closed","template":"","meta":{"ocean_post_layout":"full-screen","ocean_both_sidebars_style":"","ocean_both_sidebars_content_width":0,"ocean_both_sidebars_sidebars_width":0,"ocean_sidebar":"","ocean_second_sidebar":"","ocean_disable_margins":"enable","ocean_add_body_class":"","ocean_shortcode_before_top_bar":"","ocean_shortcode_after_top_bar":"","ocean_shortcode_before_header":"","ocean_shortcode_after_header":"","ocean_has_shortcode":"","ocean_shortcode_after_title":"","ocean_shortcode_before_footer_widgets":"","ocean_shortcode_after_footer_widgets":"","ocean_shortcode_before_footer_bottom":"","ocean_shortcode_after_footer_bottom":"","ocean_display_top_bar":"off","ocean_display_header":"default","ocean_header_style":"","ocean_center_header_left_menu":"","ocean_custom_header_template":"","ocean_custom_logo":0,"ocean_custom_retina_logo":0,"ocean_custom_logo_max_width":0,"ocean_custom_logo_tablet_max_width":0,"ocean_custom_logo_mobile_max_width":0,"ocean_custom_logo_max_height":0,"ocean_custom_logo_tablet_max_height":0,"ocean_custom_logo_mobile_max_height":0,"ocean_header_custom_menu":"","ocean_menu_typo_font_family":"","ocean_menu_typo_font_subset":"","ocean_menu_typo_font_size":0,"ocean_menu_typo_font_size_tablet":0,"ocean_menu_typo_font_size_mobile":0,"ocean_menu_typo_font_size_unit":"px","ocean_menu_typo_font_weight":"","ocean_menu_typo_font_weight_tablet":"","ocean_menu_typo_font_weight_mobile":"","ocean_menu_typo_transform":"","ocean_menu_typo_transform_tablet":"","ocean_menu_typo_transform_mobile":"","ocean_menu_typo_line_height":0,"ocean_menu_typo_line_height_tablet":0,"ocean_menu_typo_line_height_mobile":0,"ocean_menu_typo_line_height_unit":"","ocean_menu_typo_spacing":0,"ocean_menu_typo_spacing_tablet":0,"ocean_menu_typo_spacing_mobile":0,"ocean_menu_typo_spacing_unit":"","ocean_menu_link_color":"","ocean_menu_link_color_hover":"","ocean_menu_link_color_active":"","ocean_menu_link_background":"","ocean_menu_link_hover_background":"","ocean_menu_link_active_background":"","ocean_menu_social_links_bg":"","ocean_menu_social_hover_links_bg":"","ocean_menu_social_links_color":"","ocean_menu_social_hover_links_color":"","ocean_disable_title":"on","ocean_disable_heading":"default","ocean_post_title":"","ocean_post_subheading":"","ocean_post_title_style":"","ocean_post_title_background_color":"","ocean_post_title_background":0,"ocean_post_title_bg_image_position":"","ocean_post_title_bg_image_attachment":"","ocean_post_title_bg_image_repeat":"","ocean_post_title_bg_image_size":"","ocean_post_title_height":0,"ocean_post_title_bg_overlay":0.5,"ocean_post_title_bg_overlay_color":"","ocean_disable_breadcrumbs":"default","ocean_breadcrumbs_color":"","ocean_breadcrumbs_separator_color":"","ocean_breadcrumbs_links_color":"","ocean_breadcrumbs_links_hover_color":"","ocean_display_footer_widgets":"off","ocean_display_footer_bottom":"off","ocean_custom_footer_template":"","footnotes":""},"class_list":["post-71","page","type-page","status-publish","hentry","entry"],"_links":{"self":[{"href":"https:\/\/www.consider.at\/start\/wp-json\/wp\/v2\/pages\/71","targetHints":{"allow":["GET"]}}],"collection":[{"href":"https:\/\/www.consider.at\/start\/wp-json\/wp\/v2\/pages"}],"about":[{"href":"https:\/\/www.consider.at\/start\/wp-json\/wp\/v2\/types\/page"}],"author":[{"embeddable":true,"href":"https:\/\/www.consider.at\/start\/wp-json\/wp\/v2\/users\/1"}],"replies":[{"embeddable":true,"href":"https:\/\/www.consider.at\/start\/wp-json\/wp\/v2\/comments?post=71"}],"version-history":[{"count":294,"href":"https:\/\/www.consider.at\/start\/wp-json\/wp\/v2\/pages\/71\/revisions"}],"predecessor-version":[{"id":1664,"href":"https:\/\/www.consider.at\/start\/wp-json\/wp\/v2\/pages\/71\/revisions\/1664"}],"wp:attachment":[{"href":"https:\/\/www.consider.at\/start\/wp-json\/wp\/v2\/media?parent=71"}],"curies":[{"name":"wp","href":"https:\/\/api.w.org\/{rel}","templated":true}]}}