{"id":614,"date":"2024-03-27T09:46:34","date_gmt":"2024-03-27T08:46:34","guid":{"rendered":"https:\/\/www.consider.at\/start\/?page_id=614"},"modified":"2024-04-23T19:03:12","modified_gmt":"2024-04-23T17:03:12","slug":"kostenuebersicht","status":"publish","type":"page","link":"https:\/\/www.consider.at\/start\/kostenuebersicht\/","title":{"rendered":"Kosten\u00fcbersicht"},"content":{"rendered":"\t\t<div data-elementor-type=\"wp-page\" data-elementor-id=\"614\" class=\"elementor elementor-614\">\n\t\t\t\t<div class=\"elementor-element elementor-element-f2680ee e-flex e-con-boxed e-con e-parent\" data-id=\"f2680ee\" data-element_type=\"container\" data-e-type=\"container\">\n\t\t\t\t\t<div class=\"e-con-inner\">\n\t\t\t\t<div class=\"elementor-element elementor-element-6c3ef1c elementor-widget elementor-widget-heading\" data-id=\"6c3ef1c\" data-element_type=\"widget\" data-e-type=\"widget\" data-widget_type=\"heading.default\">\n\t\t\t\t<div class=\"elementor-widget-container\">\n\t\t\t\t\t<h2 class=\"elementor-heading-title elementor-size-default\">Kosten\u00fcbersicht<\/h2>\t\t\t\t<\/div>\n\t\t\t\t<\/div>\n\t\t\t\t\t<\/div>\n\t\t\t\t<\/div>\n\t\t<div class=\"elementor-element elementor-element-75eb412 e-flex e-con-boxed e-con e-parent\" data-id=\"75eb412\" data-element_type=\"container\" data-e-type=\"container\">\n\t\t\t\t\t<div class=\"e-con-inner\">\n\t\t<div class=\"elementor-element elementor-element-0bedc58 e-con-full e-flex e-con e-child\" data-id=\"0bedc58\" data-element_type=\"container\" data-e-type=\"container\">\n\t\t\t\t<div class=\"elementor-element elementor-element-53e6688 elementor-widget elementor-widget-text-editor\" data-id=\"53e6688\" data-element_type=\"widget\" data-e-type=\"widget\" data-widget_type=\"text-editor.default\">\n\t\t\t\t<div class=\"elementor-widget-container\">\n\t\t\t\t\t\t\t\t\t<p class=\"p1\"><span class=\"s2\"><strong>Erwachsene:<\/strong> <br \/>Kostenloses Erstgespr\u00e4ch (maximal 30 min)<br \/>Ein Einzelgespr\u00e4ch (50 min) kostet 60 \u20ac<span class=\"Apple-converted-space\">\u00a0 <\/span>(5er Block 280\u20ac)<br \/><\/span><\/p><p class=\"p1\"><span class=\"s2\"><strong style=\"font-size: 16px; color: var( --e-global-color-text ); text-align: var(--text-align);\">Jugendliche\/Sch\u00fcler*innen:<br \/><\/strong><\/span><span class=\"s1\">Kostenloses Erstgespr\u00e4ch <span class=\"Apple-converted-space\">\u00a0 <\/span>(maximal 30 min)<br \/>Ein Einzelgespr\u00e4ch (30 min ) kostet<span class=\"Apple-converted-space\">\u00a0 <\/span>35\u20ac<span class=\"Apple-converted-space\">\u00a0 <\/span>(5er Block 160\u20ac)<br \/>Ein Einzelgespr\u00e4ch (45 min ) kostet<span class=\"Apple-converted-space\">\u00a0 <\/span>45\u20ac<span class=\"Apple-converted-space\">\u00a0 <\/span>(5er Block 210\u20ac)<br \/><\/span><\/p><p class=\"p1\"><span class=\"s1\">Bei Jugendlichen braucht es vor Beginn der zahlungspflichtigen<span class=\"Apple-converted-space\">\u00a0 <\/span>Gespr\u00e4che eine schriftliche Einverst\u00e4ndniserkl\u00e4rung<br \/>der Erziehungsberechtigten. Die Rechnung wird an die Erziehungsberechtigten addressiert.<\/span><\/p><p class=\"p4\"><span class=\"s1\"><strong>Kontakt \/Anmeldung:<\/strong><br \/>E-Mail: <a href=\"mailto:philopraxis@consider.at\"><span class=\"s3\">philopraxis@consider.at<\/span><\/a> <br \/><\/span>Tel:<span class=\"Apple-converted-space\">\u00a0 <\/span>0676 9415794 <span class=\"Apple-converted-space\">\u00a0 \u00a0<\/span><\/p>\t\t\t\t\t\t\t\t<\/div>\n\t\t\t\t<\/div>\n\t\t\t\t<\/div>\n\t\t<div class=\"elementor-element elementor-element-642c2c3 e-con-full e-flex e-con e-child\" data-id=\"642c2c3\" data-element_type=\"container\" data-e-type=\"container\">\n\t\t\t\t<div class=\"elementor-element elementor-element-baf6a33 elementor-widget elementor-widget-image\" data-id=\"baf6a33\" data-element_type=\"widget\" data-e-type=\"widget\" data-widget_type=\"image.default\">\n\t\t\t\t<div class=\"elementor-widget-container\">\n\t\t\t\t\t\t\t\t\t\t\t\t\t\t\t<img fetchpriority=\"high\" decoding=\"async\" width=\"768\" height=\"768\" src=\"https:\/\/www.consider.at\/start\/wp-content\/uploads\/2024\/04\/praxisrau-768x768.jpg\" class=\"attachment-medium_large size-medium_large wp-image-893\" alt=\"\" srcset=\"https:\/\/www.consider.at\/start\/wp-content\/uploads\/2024\/04\/praxisrau-768x768.jpg 768w, https:\/\/www.consider.at\/start\/wp-content\/uploads\/2024\/04\/praxisrau-300x300.jpg 300w, https:\/\/www.consider.at\/start\/wp-content\/uploads\/2024\/04\/praxisrau-1024x1024.jpg 1024w, https:\/\/www.consider.at\/start\/wp-content\/uploads\/2024\/04\/praxisrau-150x150.jpg 150w, https:\/\/www.consider.at\/start\/wp-content\/uploads\/2024\/04\/praxisrau-1536x1536.jpg 1536w, https:\/\/www.consider.at\/start\/wp-content\/uploads\/2024\/04\/praxisrau-600x600.jpg 600w, https:\/\/www.consider.at\/start\/wp-content\/uploads\/2024\/04\/praxisrau.jpg 2048w\" sizes=\"(max-width: 768px) 100vw, 768px\" \/>\t\t\t\t\t\t\t\t\t\t\t\t\t\t\t<\/div>\n\t\t\t\t<\/div>\n\t\t\t\t<\/div>\n\t\t\t\t\t<\/div>\n\t\t\t\t<\/div>\n\t\t<div class=\"elementor-element elementor-element-f097ab4 e-flex e-con-boxed e-con e-parent\" data-id=\"f097ab4\" data-element_type=\"container\" data-e-type=\"container\">\n\t\t\t\t\t<div class=\"e-con-inner\">\n\t\t<div class=\"elementor-element elementor-element-8dfcfc5 e-flex e-con-boxed e-con e-child\" data-id=\"8dfcfc5\" data-element_type=\"container\" data-e-type=\"container\">\n\t\t\t\t\t<div class=\"e-con-inner\">\n\t\t\t\t<div class=\"elementor-element elementor-element-6bf2c58 elementor-widget elementor-widget-text-editor\" data-id=\"6bf2c58\" data-element_type=\"widget\" data-e-type=\"widget\" data-widget_type=\"text-editor.default\">\n\t\t\t\t<div class=\"elementor-widget-container\">\n\t\t\t\t\t\t\t\t\t<p class=\"p1\"><span class=\"s1\"><b>Zahlungsmodalit\u00e4ten.<\/b> Die Gespr\u00e4che sind am Ende der Stunde bar zu bezahlen.Ein Block ist am Ende der ersten Stunde zu bezahlen.<span class=\"Apple-converted-space\">\u00a0 <\/span><\/span><span class=\"s1\">Die G\u00fcltigkeit eines Blockes bel\u00e4uft sich auf ein Kalenderjahr. Nicht konsumierte Stunden sind \u00fcbertragbar.<\/span><\/p><p class=\"p2\"><span class=\"s1\"><b>Absageregelung: <\/b>Falls Sie einen Termin nicht wahrnehmen k\u00f6nnen,<span class=\"Apple-converted-space\">\u00a0 <\/span>sagen Sie diesen bitte<span class=\"Apple-converted-space\">\u00a0 <\/span>mindestens 24h vorher ab.<span class=\"Apple-converted-space\">\u00a0 <\/span>Erfolgt die Absage zu sp\u00e4t oder wird auf die Absage vergessen, wird der gesamte Betrag in Rechnung gestellt.<\/span><\/p>\t\t\t\t\t\t\t\t<\/div>\n\t\t\t\t<\/div>\n\t\t\t\t\t<\/div>\n\t\t\t\t<\/div>\n\t\t\t\t\t<\/div>\n\t\t\t\t<\/div>\n\t\t\t\t<\/div>\n\t\t","protected":false},"excerpt":{"rendered":"<p>Kosten\u00fcbersicht Erwachsene: Kostenloses Erstgespr\u00e4ch (maximal 30 min)Ein Einzelgespr\u00e4ch (50 min) kostet 60 \u20ac\u00a0 (5er Block 280\u20ac) Jugendliche\/Sch\u00fcler*innen:Kostenloses Erstgespr\u00e4ch \u00a0 (maximal 30 min)Ein Einzelgespr\u00e4ch (30 min ) kostet\u00a0 35\u20ac\u00a0 (5er Block 160\u20ac)Ein Einzelgespr\u00e4ch (45 min ) kostet\u00a0 45\u20ac\u00a0 (5er Block 210\u20ac) Bei Jugendlichen braucht es vor Beginn der zahlungspflichtigen\u00a0 Gespr\u00e4che eine schriftliche Einverst\u00e4ndniserkl\u00e4rungder Erziehungsberechtigten. Die Rechnung [&hellip;]<\/p>\n","protected":false},"author":1,"featured_media":0,"parent":0,"menu_order":0,"comment_status":"closed","ping_status":"closed","template":"","meta":{"ocean_post_layout":"full-screen","ocean_both_sidebars_style":"","ocean_both_sidebars_content_width":0,"ocean_both_sidebars_sidebars_width":0,"ocean_sidebar":"","ocean_second_sidebar":"","ocean_disable_margins":"enable","ocean_add_body_class":"","ocean_shortcode_before_top_bar":"","ocean_shortcode_after_top_bar":"","ocean_shortcode_before_header":"","ocean_shortcode_after_header":"","ocean_has_shortcode":"","ocean_shortcode_after_title":"","ocean_shortcode_before_footer_widgets":"","ocean_shortcode_after_footer_widgets":"","ocean_shortcode_before_footer_bottom":"","ocean_shortcode_after_footer_bottom":"","ocean_display_top_bar":"off","ocean_display_header":"default","ocean_header_style":"","ocean_center_header_left_menu":"","ocean_custom_header_template":"","ocean_custom_logo":0,"ocean_custom_retina_logo":0,"ocean_custom_logo_max_width":0,"ocean_custom_logo_tablet_max_width":0,"ocean_custom_logo_mobile_max_width":0,"ocean_custom_logo_max_height":0,"ocean_custom_logo_tablet_max_height":0,"ocean_custom_logo_mobile_max_height":0,"ocean_header_custom_menu":"","ocean_menu_typo_font_family":"","ocean_menu_typo_font_subset":"","ocean_menu_typo_font_size":0,"ocean_menu_typo_font_size_tablet":0,"ocean_menu_typo_font_size_mobile":0,"ocean_menu_typo_font_size_unit":"px","ocean_menu_typo_font_weight":"","ocean_menu_typo_font_weight_tablet":"","ocean_menu_typo_font_weight_mobile":"","ocean_menu_typo_transform":"","ocean_menu_typo_transform_tablet":"","ocean_menu_typo_transform_mobile":"","ocean_menu_typo_line_height":0,"ocean_menu_typo_line_height_tablet":0,"ocean_menu_typo_line_height_mobile":0,"ocean_menu_typo_line_height_unit":"","ocean_menu_typo_spacing":0,"ocean_menu_typo_spacing_tablet":0,"ocean_menu_typo_spacing_mobile":0,"ocean_menu_typo_spacing_unit":"","ocean_menu_link_color":"","ocean_menu_link_color_hover":"","ocean_menu_link_color_active":"","ocean_menu_link_background":"","ocean_menu_link_hover_background":"","ocean_menu_link_active_background":"","ocean_menu_social_links_bg":"","ocean_menu_social_hover_links_bg":"","ocean_menu_social_links_color":"","ocean_menu_social_hover_links_color":"","ocean_disable_title":"on","ocean_disable_heading":"default","ocean_post_title":"","ocean_post_subheading":"","ocean_post_title_style":"","ocean_post_title_background_color":"","ocean_post_title_background":0,"ocean_post_title_bg_image_position":"","ocean_post_title_bg_image_attachment":"","ocean_post_title_bg_image_repeat":"","ocean_post_title_bg_image_size":"","ocean_post_title_height":0,"ocean_post_title_bg_overlay":0.5,"ocean_post_title_bg_overlay_color":"","ocean_disable_breadcrumbs":"default","ocean_breadcrumbs_color":"","ocean_breadcrumbs_separator_color":"","ocean_breadcrumbs_links_color":"","ocean_breadcrumbs_links_hover_color":"","ocean_display_footer_widgets":"off","ocean_display_footer_bottom":"off","ocean_custom_footer_template":"","footnotes":""},"class_list":["post-614","page","type-page","status-publish","hentry","entry"],"_links":{"self":[{"href":"https:\/\/www.consider.at\/start\/wp-json\/wp\/v2\/pages\/614","targetHints":{"allow":["GET"]}}],"collection":[{"href":"https:\/\/www.consider.at\/start\/wp-json\/wp\/v2\/pages"}],"about":[{"href":"https:\/\/www.consider.at\/start\/wp-json\/wp\/v2\/types\/page"}],"author":[{"embeddable":true,"href":"https:\/\/www.consider.at\/start\/wp-json\/wp\/v2\/users\/1"}],"replies":[{"embeddable":true,"href":"https:\/\/www.consider.at\/start\/wp-json\/wp\/v2\/comments?post=614"}],"version-history":[{"count":44,"href":"https:\/\/www.consider.at\/start\/wp-json\/wp\/v2\/pages\/614\/revisions"}],"predecessor-version":[{"id":1232,"href":"https:\/\/www.consider.at\/start\/wp-json\/wp\/v2\/pages\/614\/revisions\/1232"}],"wp:attachment":[{"href":"https:\/\/www.consider.at\/start\/wp-json\/wp\/v2\/media?parent=614"}],"curies":[{"name":"wp","href":"https:\/\/api.w.org\/{rel}","templated":true}]}}