{"id":1276,"date":"2024-04-23T19:23:02","date_gmt":"2024-04-23T17:23:02","guid":{"rendered":"https:\/\/www.consider.at\/start\/?page_id=1276"},"modified":"2024-04-25T16:09:20","modified_gmt":"2024-04-25T14:09:20","slug":"datenschutzerklaerung","status":"publish","type":"page","link":"https:\/\/www.consider.at\/start\/datenschutzerklaerung\/","title":{"rendered":"Datenschutzerkl\u00e4rung"},"content":{"rendered":"\t\t<div data-elementor-type=\"wp-page\" data-elementor-id=\"1276\" class=\"elementor elementor-1276\">\n\t\t\t\t<div class=\"elementor-element elementor-element-a75343b e-flex e-con-boxed e-con e-parent\" data-id=\"a75343b\" data-element_type=\"container\" data-e-type=\"container\">\n\t\t\t\t\t<div class=\"e-con-inner\">\n\t\t\t\t<div class=\"elementor-element elementor-element-a9947ce elementor-widget elementor-widget-text-editor\" data-id=\"a9947ce\" data-element_type=\"widget\" data-e-type=\"widget\" data-widget_type=\"text-editor.default\">\n\t\t\t\t<div class=\"elementor-widget-container\">\n\t\t\t\t\t\t\t\t\t<p class=\"p1\"><span class=\"s1\"><b>DATENSCHUTZERKL\u00c4RUNG<\/b><\/span><\/p><p class=\"p3\"><span class=\"s1\">In folgender Datenschutzerkl\u00e4rung informieren wir Sie \u00fcber die wichtigsten Aspekte der Datenverarbeitung im Rahmen unserer Webseite. Wir erheben und verarbeiten personenbezogene Daten nur auf Grundlage der gesetzlichen Bestimmungen (Datenschutzgrundverordnung, Telekommunikationsgesetz 2003).<\/span><\/p><p class=\"p3\"><span class=\"s1\">Sobald Sie als Benutzer auf unsere Webseite zugreifen oder diese besuchen wird Ihre IP-Adresse, Beginn sowie Beginn und Ende der Sitzung erfasst. Dies ist technisch bedingt und stellt somit ein berechtigtes Interesse iSv Art 6 Abs 1 lit f DSGVO.<\/span><\/p><p class=\"p4\"><span class=\"s1\"><b>Kontakt mit uns<\/b><\/span><\/p><p class=\"p3\"><span class=\"s1\">Wenn Sie uns, entweder \u00fcber unser Kontaktformular auf unserer Webseite, oder per Email kontaktieren, dann werden die von Ihnen an uns \u00fcbermittelten Daten zwecks Bearbeitung Ihrer Anfrage oder f\u00fcr den Fall von weiteren Anschlussfragen f\u00fcr sechs Monate bei uns gespeichert. Es erfolgt, ohne Ihre Einwilligung, keine Weitergabe Ihrer \u00fcbermittelten Daten.<\/span><\/p><p class=\"p4\"><span class=\"s1\"><b>Cookies<\/b><\/span><\/p><p class=\"p3\"><span class=\"s1\">Unsere Website verwendet so genannte Cookies. Dabei handelt es sich um kleine Textdateien, die mit Hilfe des Browsers auf Ihrem Endger\u00e4t abgelegt werden. Sie richten keinen Schaden an. Wir nutzen Cookies dazu, unser Angebot nutzerfreundlich zu gestalten. Einige Cookies bleiben auf Ihrem Endger\u00e4t gespeichert, bis Sie diese l\u00f6schen. Sie erm\u00f6glichen es uns, Ihren Browser beim n\u00e4chsten Besuch wiederzuerkennen. Wenn Sie dies nicht w\u00fcnschen, so k\u00f6nnen Sie Ihren Browser so einrichten, dass er Sie \u00fcber das Setzen von Cookies informiert und Sie dies nur im Einzelfall erlauben. Bei der Deaktivierung von Cookies kann die Funktionalit\u00e4t unserer Website eingeschr\u00e4nkt sein.<\/span><span class=\"s2\">Wenn Sie unter 16 Jahre alt sind und Ihre Zustimmung zu freiwilligen Diensten geben m\u00f6chten, m\u00fcssen Sie Ihre Erziehungsberechtigten um Erlaubnis bitten.<\/span><\/p><p class=\"p4\"><span class=\"s1\"><b>Google Maps<\/b><\/span><\/p><p class=\"p3\"><span class=\"s1\">Unsere Website verwendet Funktionen des Webkartendienstes \u201eGoogle Maps\u201c. Der Dienstanbieter dieser Funktion ist:<\/span><\/p><p class=\"p3\"><span class=\"s1\"> Google Ireland Limited Gordon House, Barrow Street Dublin 4. Ireland. Tel: +353 1 543 1000<\/span><\/p><p class=\"p3\"><span class=\"s1\">Im Zuge der Nutzung von Google Maps ist es notwendig Ihre IP-Adresse zu speichern und zu verarbeiten. Google \u00fcbertr\u00e4gt in der Regel an einen Server in den USA und speichert die Daten dort. Die Verarbeitung geschieht durch den Diensteanbieter (oben genannt), der Betreiber dieser Homepage hat keinen Einfluss auf die \u00dcbertragung der Daten.<br \/>Die Datenverarbeitung erfolgt auf Basis der gesetzlichen Bestimmungen des \u00a7 96 Abs 3 TKG sowie des Art 6 Abs 1 lit f (berechtigtes Interesse) der DSGVO. Die Nutzung von Google Maps erh\u00f6ht die Auffindbarkeit der Orte, welche auf unserer Webseite bereitgestellt werden.Weitere Informationen \u00fcber den Umgang mit Nutzerdaten des Diensteanbieters \u201eGoogle\u201c k\u00f6nnen Sie der Datenschutzerkl\u00e4rung entnehmen:<br \/><a href=\"https:\/\/policies.google.com\/privacy?hl=de\"><span class=\"s3\">https:\/\/policies.google.com\/privacy?hl=de\u2002<\/span><\/a>.<\/span><\/p><p class=\"p3\"><span class=\"s1\">Google verarbeitet die Daten auch in den USA, hat sich jedoch dem EU-US Privacy-Shield unterworfen.<br \/><a href=\"https:\/\/www.privacyshield.gov\/EU-US-Framework\"><span class=\"s3\">https:\/\/www.privacyshield.gov\/EU-US-Framework<\/span><\/a><\/span><\/p><p class=\"p4\"><span class=\"s1\"><b>Ihre Rechte als Betroffener<\/b><\/span><\/p><p class=\"p3\"><span class=\"s1\">Sie als Betroffener haben bez\u00fcglich Ihrer Daten, welche bei uns gespeichert sind grunds\u00e4tzlich ein Recht auf:<\/span><\/p><ul class=\"ul1\"><li class=\"li5\"><span class=\"s1\">Auskunft<\/span><\/li><li class=\"li5\"><span class=\"s1\">L\u00f6schung der Daten<\/span><\/li><li class=\"li5\"><span class=\"s1\">Berichtigung der Daten<\/span><\/li><li class=\"li5\"><span class=\"s1\">\u00dcbertragbarkeit der Daten<\/span><\/li><li class=\"li5\"><span class=\"s1\">Wiederruf und Widerspruch zur Datenverarbeitung<\/span><\/li><li class=\"li5\"><span class=\"s1\">Einschr\u00e4nkung<\/span><\/li><\/ul><p class=\"p3\"><span class=\"s1\">Wenn sie vermuten, dass im Zuge der Verarbeitung Ihrer Daten Verst\u00f6\u00dfe gegen das Datenschutzrecht passiert sind, so haben Sie die M\u00f6glichkeit sich bei uns (philopraxis@consider.at) oder der Datenschutzbeh\u00f6rde zu beschweren.<\/span><\/p><p class=\"p4\"><span class=\"s1\"><b>Sie erreichen uns unter folgenden Kontaktdaten:<\/b><\/span><\/p><p class=\"p3\"><span class=\"s1\"><b>Webseitenbetreiber:<\/b>\u00a0Wolfgang Schweiger<br \/><b>Telefonnummer:<\/b>\u00a0+436769415794<br \/><b>Email:<\/b>\u00a0<a href=\"mailto:philopraxis@consider.at\"><span class=\"s5\">philopraxis@consider.at<\/span><\/a><\/span><\/p><p class=\"p6\"><span class=\"s6\">Quelle:\u00a0<a href=\"https:\/\/www.fairesrecht.at\/\"><span class=\"s7\"><b>fairesRecht.at<\/b><\/span><\/a><\/span><\/p>\t\t\t\t\t\t\t\t<\/div>\n\t\t\t\t<\/div>\n\t\t\t\t\t<\/div>\n\t\t\t\t<\/div>\n\t\t\t\t<\/div>\n\t\t","protected":false},"excerpt":{"rendered":"<p>DATENSCHUTZERKL\u00c4RUNG In folgender Datenschutzerkl\u00e4rung informieren wir Sie \u00fcber die wichtigsten Aspekte der Datenverarbeitung im Rahmen unserer Webseite. Wir erheben und verarbeiten personenbezogene Daten nur auf Grundlage der gesetzlichen Bestimmungen (Datenschutzgrundverordnung, Telekommunikationsgesetz 2003). Sobald Sie als Benutzer auf unsere Webseite zugreifen oder diese besuchen wird Ihre IP-Adresse, Beginn sowie Beginn und Ende der Sitzung erfasst. Dies [&hellip;]<\/p>\n","protected":false},"author":1,"featured_media":0,"parent":0,"menu_order":0,"comment_status":"closed","ping_status":"closed","template":"","meta":{"ocean_post_layout":"full-screen","ocean_both_sidebars_style":"","ocean_both_sidebars_content_width":0,"ocean_both_sidebars_sidebars_width":0,"ocean_sidebar":"","ocean_second_sidebar":"","ocean_disable_margins":"enable","ocean_add_body_class":"","ocean_shortcode_before_top_bar":"","ocean_shortcode_after_top_bar":"","ocean_shortcode_before_header":"","ocean_shortcode_after_header":"","ocean_has_shortcode":"","ocean_shortcode_after_title":"","ocean_shortcode_before_footer_widgets":"","ocean_shortcode_after_footer_widgets":"","ocean_shortcode_before_footer_bottom":"","ocean_shortcode_after_footer_bottom":"","ocean_display_top_bar":"off","ocean_display_header":"default","ocean_header_style":"","ocean_center_header_left_menu":"","ocean_custom_header_template":"","ocean_custom_logo":0,"ocean_custom_retina_logo":0,"ocean_custom_logo_max_width":0,"ocean_custom_logo_tablet_max_width":0,"ocean_custom_logo_mobile_max_width":0,"ocean_custom_logo_max_height":0,"ocean_custom_logo_tablet_max_height":0,"ocean_custom_logo_mobile_max_height":0,"ocean_header_custom_menu":"","ocean_menu_typo_font_family":"","ocean_menu_typo_font_subset":"","ocean_menu_typo_font_size":0,"ocean_menu_typo_font_size_tablet":0,"ocean_menu_typo_font_size_mobile":0,"ocean_menu_typo_font_size_unit":"px","ocean_menu_typo_font_weight":"","ocean_menu_typo_font_weight_tablet":"","ocean_menu_typo_font_weight_mobile":"","ocean_menu_typo_transform":"","ocean_menu_typo_transform_tablet":"","ocean_menu_typo_transform_mobile":"","ocean_menu_typo_line_height":0,"ocean_menu_typo_line_height_tablet":0,"ocean_menu_typo_line_height_mobile":0,"ocean_menu_typo_line_height_unit":"","ocean_menu_typo_spacing":0,"ocean_menu_typo_spacing_tablet":0,"ocean_menu_typo_spacing_mobile":0,"ocean_menu_typo_spacing_unit":"","ocean_menu_link_color":"","ocean_menu_link_color_hover":"","ocean_menu_link_color_active":"","ocean_menu_link_background":"","ocean_menu_link_hover_background":"","ocean_menu_link_active_background":"","ocean_menu_social_links_bg":"","ocean_menu_social_hover_links_bg":"","ocean_menu_social_links_color":"","ocean_menu_social_hover_links_color":"","ocean_disable_title":"on","ocean_disable_heading":"default","ocean_post_title":"","ocean_post_subheading":"","ocean_post_title_style":"","ocean_post_title_background_color":"","ocean_post_title_background":0,"ocean_post_title_bg_image_position":"","ocean_post_title_bg_image_attachment":"","ocean_post_title_bg_image_repeat":"","ocean_post_title_bg_image_size":"","ocean_post_title_height":0,"ocean_post_title_bg_overlay":0.5,"ocean_post_title_bg_overlay_color":"","ocean_disable_breadcrumbs":"default","ocean_breadcrumbs_color":"","ocean_breadcrumbs_separator_color":"","ocean_breadcrumbs_links_color":"","ocean_breadcrumbs_links_hover_color":"","ocean_display_footer_widgets":"off","ocean_display_footer_bottom":"off","ocean_custom_footer_template":"","footnotes":""},"class_list":["post-1276","page","type-page","status-publish","hentry","entry"],"_links":{"self":[{"href":"https:\/\/www.consider.at\/start\/wp-json\/wp\/v2\/pages\/1276","targetHints":{"allow":["GET"]}}],"collection":[{"href":"https:\/\/www.consider.at\/start\/wp-json\/wp\/v2\/pages"}],"about":[{"href":"https:\/\/www.consider.at\/start\/wp-json\/wp\/v2\/types\/page"}],"author":[{"embeddable":true,"href":"https:\/\/www.consider.at\/start\/wp-json\/wp\/v2\/users\/1"}],"replies":[{"embeddable":true,"href":"https:\/\/www.consider.at\/start\/wp-json\/wp\/v2\/comments?post=1276"}],"version-history":[{"count":14,"href":"https:\/\/www.consider.at\/start\/wp-json\/wp\/v2\/pages\/1276\/revisions"}],"predecessor-version":[{"id":1329,"href":"https:\/\/www.consider.at\/start\/wp-json\/wp\/v2\/pages\/1276\/revisions\/1329"}],"wp:attachment":[{"href":"https:\/\/www.consider.at\/start\/wp-json\/wp\/v2\/media?parent=1276"}],"curies":[{"name":"wp","href":"https:\/\/api.w.org\/{rel}","templated":true}]}}