{"id":1267,"date":"2024-04-23T19:17:09","date_gmt":"2024-04-23T17:17:09","guid":{"rendered":"https:\/\/www.consider.at\/start\/?page_id=1267"},"modified":"2024-04-25T16:12:28","modified_gmt":"2024-04-25T14:12:28","slug":"impressum","status":"publish","type":"page","link":"https:\/\/www.consider.at\/start\/impressum\/","title":{"rendered":"Impressum"},"content":{"rendered":"\t\t<div data-elementor-type=\"wp-page\" data-elementor-id=\"1267\" class=\"elementor elementor-1267\">\n\t\t\t\t<div class=\"elementor-element elementor-element-c9190e8 e-flex e-con-boxed e-con e-parent\" data-id=\"c9190e8\" data-element_type=\"container\" data-e-type=\"container\">\n\t\t\t\t\t<div class=\"e-con-inner\">\n\t\t\t\t<div class=\"elementor-element elementor-element-5c44d13 elementor-widget elementor-widget-text-editor\" data-id=\"5c44d13\" data-element_type=\"widget\" data-e-type=\"widget\" data-widget_type=\"text-editor.default\">\n\t\t\t\t<div class=\"elementor-widget-container\">\n\t\t\t\t\t\t\t\t\t<p class=\"p1\"><span class=\"s1\"><b>IMPRESSUM<\/b><\/span><\/p><p class=\"p3\"><span class=\"s1\"><b>F\u00fcr den Inhalt dieser Webseite verantwortlich: <\/b><\/span><\/p><p class=\"p3\"><span class=\"s1\">MMag.Wolfgang Schweiger <br \/><\/span><span class=\"s1\">P\u00e4dagoge,<span class=\"Apple-converted-space\">\u00a0 <\/span>Philosoph,<span class=\"Apple-converted-space\">\u00a0 <\/span>Akad. philosophischer Praktiker <br \/><\/span><span class=\"s1\">Praxis: Alser Stra\u00dfe 30\/7<span class=\"Apple-converted-space\">\u00a0 <\/span>1090 Wien<br \/><\/span><span class=\"s1\">+43 676 94 15 794<br \/><\/span><span class=\"s2\"><a href=\"mailto:philopraxis@consider.at\">philopraxis@consider.at<\/a><\/span><\/p><p class=\"p3\"><span class=\"s1\"><b>Berufsbezeichnung: <\/b>Akademisch Philosophischer Praktiker <\/span><\/p><p class=\"p3\"><span class=\"s1\"><b>Fotos:<\/b><\/span><\/p><p class=\"p3\"><span class=\"s1\">Portraitfotos: Maria Ritsch<br \/><\/span><span class=\"s1\"><a href=\"http:\/\/www.mariaritsch.com\"><span class=\"s3\">www.mariaritsch.com<\/span><\/a><br \/><\/span><span class=\"s1\">Weitere Fotos: Wolfgang Schweiger <\/span><\/p><p class=\"p6\"><span class=\"s1\"><b>Haftungsausschluss: <span class=\"Apple-converted-space\">\u00a0 <\/span><\/b>Trotz sorgf\u00e4ltiger inhaltlicher Kontrolle \u00fcbernimmt der Webseitenbetreiber dieser Webseite keine Haftung f\u00fcr die Inhalte externer Links. F\u00fcr den Inhalt der verlinkten Seiten sind ausschlie\u00dflich deren Betreiber verantwortlich. Sollten Sie dennoch auf ausgehende Links aufmerksam werden, welche auf eine Webseite mit rechtswidriger T\u00e4tigkeit\/Information verweisen, ersuchen wir um dementsprechenden Hinweis, um diese nach \u00a7 17 Abs. 2 ECG umgehend zu entfernen.<br \/>Die Urheberrechte Dritter werden vom Betreiber dieser Webseite mit gr\u00f6\u00dfter Sorgfalt beachtet. Sollten Sie trotzdem auf eine Urheberrechtsverletzung aufmerksam werden, bitten wir um einen entsprechenden Hinweis. Bei Bekanntwerden derartiger Rechtsverletzungen werden wir den betroffenen Inhalt umgehend entfernen.<\/span><\/p><p class=\"p6\"><span class=\"s1\"><b>Urheberrecht:<\/b>\u00a0Die Inhalte dieser Webseite unterliegen, soweit dies rechtlich m\u00f6glich ist, diversen Schutzrechten (z.B dem Urheberrecht). Jegliche Verwendung\/Verbreitung von bereitgestelltem Material, welche urheberrechtlich untersagt ist, bedarf schriftlicher Zustimmung des Webseitenbetreibers.<\/span><\/p><p class=\"p7\"><span class=\"s1\"><b>Online Streitbeilegung<\/b><\/span><\/p><p class=\"p3\"><span class=\"s1\">Verbraucher*innen haben die M\u00f6glickeit, Beschwerden an die Online Streitbeilegungsplatttform der EU zu richten: <\/span><\/p><p class=\"p5\"><span class=\"s4\"><a href=\"https:\/\/ec.europa.eu\/consumers\/odr\">https:\/\/ec.europa.eu\/consumers\/odr<\/a><\/span><\/p><p><span class=\"s1\">Sie k\u00f6nnen allf\u00e4llige Beschwerden auch an folgende E- Mail Adresse richten <br \/><a href=\"mailto:philopraxis@consider.at\"><span class=\"s6\">philopraxis@consider.at<\/span><\/a><\/span><\/p><p class=\"p9\"><span class=\"s5\">Quelle:\u00a0<a href=\"https:\/\/www.fairesrecht.at\/\"><span class=\"s7\"><b>fairesRecht.at<\/b><\/span><\/a><\/span><\/p>\t\t\t\t\t\t\t\t<\/div>\n\t\t\t\t<\/div>\n\t\t\t\t\t<\/div>\n\t\t\t\t<\/div>\n\t\t\t\t<\/div>\n\t\t","protected":false},"excerpt":{"rendered":"<p>IMPRESSUM F\u00fcr den Inhalt dieser Webseite verantwortlich: MMag.Wolfgang Schweiger P\u00e4dagoge,\u00a0 Philosoph,\u00a0 Akad. philosophischer Praktiker Praxis: Alser Stra\u00dfe 30\/7\u00a0 1090 Wien+43 676 94 15 794philopraxis@consider.at Berufsbezeichnung: Akademisch Philosophischer Praktiker Fotos: Portraitfotos: Maria Ritschwww.mariaritsch.comWeitere Fotos: Wolfgang Schweiger Haftungsausschluss: \u00a0 Trotz sorgf\u00e4ltiger inhaltlicher Kontrolle \u00fcbernimmt der Webseitenbetreiber dieser Webseite keine Haftung f\u00fcr die Inhalte externer Links. F\u00fcr den [&hellip;]<\/p>\n","protected":false},"author":1,"featured_media":0,"parent":0,"menu_order":0,"comment_status":"closed","ping_status":"closed","template":"","meta":{"ocean_post_layout":"full-screen","ocean_both_sidebars_style":"","ocean_both_sidebars_content_width":0,"ocean_both_sidebars_sidebars_width":0,"ocean_sidebar":"","ocean_second_sidebar":"","ocean_disable_margins":"enable","ocean_add_body_class":"","ocean_shortcode_before_top_bar":"","ocean_shortcode_after_top_bar":"","ocean_shortcode_before_header":"","ocean_shortcode_after_header":"","ocean_has_shortcode":"","ocean_shortcode_after_title":"","ocean_shortcode_before_footer_widgets":"","ocean_shortcode_after_footer_widgets":"","ocean_shortcode_before_footer_bottom":"","ocean_shortcode_after_footer_bottom":"","ocean_display_top_bar":"off","ocean_display_header":"default","ocean_header_style":"","ocean_center_header_left_menu":"","ocean_custom_header_template":"","ocean_custom_logo":0,"ocean_custom_retina_logo":0,"ocean_custom_logo_max_width":0,"ocean_custom_logo_tablet_max_width":0,"ocean_custom_logo_mobile_max_width":0,"ocean_custom_logo_max_height":0,"ocean_custom_logo_tablet_max_height":0,"ocean_custom_logo_mobile_max_height":0,"ocean_header_custom_menu":"","ocean_menu_typo_font_family":"","ocean_menu_typo_font_subset":"","ocean_menu_typo_font_size":0,"ocean_menu_typo_font_size_tablet":0,"ocean_menu_typo_font_size_mobile":0,"ocean_menu_typo_font_size_unit":"px","ocean_menu_typo_font_weight":"","ocean_menu_typo_font_weight_tablet":"","ocean_menu_typo_font_weight_mobile":"","ocean_menu_typo_transform":"","ocean_menu_typo_transform_tablet":"","ocean_menu_typo_transform_mobile":"","ocean_menu_typo_line_height":0,"ocean_menu_typo_line_height_tablet":0,"ocean_menu_typo_line_height_mobile":0,"ocean_menu_typo_line_height_unit":"","ocean_menu_typo_spacing":0,"ocean_menu_typo_spacing_tablet":0,"ocean_menu_typo_spacing_mobile":0,"ocean_menu_typo_spacing_unit":"","ocean_menu_link_color":"","ocean_menu_link_color_hover":"","ocean_menu_link_color_active":"","ocean_menu_link_background":"","ocean_menu_link_hover_background":"","ocean_menu_link_active_background":"","ocean_menu_social_links_bg":"","ocean_menu_social_hover_links_bg":"","ocean_menu_social_links_color":"","ocean_menu_social_hover_links_color":"","ocean_disable_title":"on","ocean_disable_heading":"default","ocean_post_title":"","ocean_post_subheading":"","ocean_post_title_style":"","ocean_post_title_background_color":"","ocean_post_title_background":0,"ocean_post_title_bg_image_position":"","ocean_post_title_bg_image_attachment":"","ocean_post_title_bg_image_repeat":"","ocean_post_title_bg_image_size":"","ocean_post_title_height":0,"ocean_post_title_bg_overlay":0.5,"ocean_post_title_bg_overlay_color":"","ocean_disable_breadcrumbs":"default","ocean_breadcrumbs_color":"","ocean_breadcrumbs_separator_color":"","ocean_breadcrumbs_links_color":"","ocean_breadcrumbs_links_hover_color":"","ocean_display_footer_widgets":"off","ocean_display_footer_bottom":"off","ocean_custom_footer_template":"","footnotes":""},"class_list":["post-1267","page","type-page","status-publish","hentry","entry"],"_links":{"self":[{"href":"https:\/\/www.consider.at\/start\/wp-json\/wp\/v2\/pages\/1267","targetHints":{"allow":["GET"]}}],"collection":[{"href":"https:\/\/www.consider.at\/start\/wp-json\/wp\/v2\/pages"}],"about":[{"href":"https:\/\/www.consider.at\/start\/wp-json\/wp\/v2\/types\/page"}],"author":[{"embeddable":true,"href":"https:\/\/www.consider.at\/start\/wp-json\/wp\/v2\/users\/1"}],"replies":[{"embeddable":true,"href":"https:\/\/www.consider.at\/start\/wp-json\/wp\/v2\/comments?post=1267"}],"version-history":[{"count":17,"href":"https:\/\/www.consider.at\/start\/wp-json\/wp\/v2\/pages\/1267\/revisions"}],"predecessor-version":[{"id":1338,"href":"https:\/\/www.consider.at\/start\/wp-json\/wp\/v2\/pages\/1267\/revisions\/1338"}],"wp:attachment":[{"href":"https:\/\/www.consider.at\/start\/wp-json\/wp\/v2\/media?parent=1267"}],"curies":[{"name":"wp","href":"https:\/\/api.w.org\/{rel}","templated":true}]}}